{"id":10,"date":"2025-10-09T21:16:29","date_gmt":"2025-10-09T19:16:29","guid":{"rendered":"https:\/\/nouveau.leglacierdesaravis.com\/?page_id=10"},"modified":"2025-12-17T21:34:57","modified_gmt":"2025-12-17T20:34:57","slug":"accueil","status":"publish","type":"page","link":"https:\/\/nouveau.leglacierdesaravis.com\/","title":{"rendered":"Accueil"},"content":{"rendered":"\n<p><\/p>\n\n\n\n<div class=\"wp-block-cover alignfull\" style=\"min-height:100vh;aspect-ratio:unset;\"><img loading=\"lazy\" decoding=\"async\" width=\"1024\" height=\"691\" class=\"wp-block-cover__image-background wp-image-157 size-large\" alt=\"\" src=\"https:\/\/nouveau.leglacierdesaravis.com\/wp-content\/uploads\/2025\/12\/2025-11-Photos-3-buches-1-1024x691.jpg\" data-object-fit=\"cover\" srcset=\"https:\/\/nouveau.leglacierdesaravis.com\/wp-content\/uploads\/2025\/12\/2025-11-Photos-3-buches-1-1024x691.jpg 1024w, https:\/\/nouveau.leglacierdesaravis.com\/wp-content\/uploads\/2025\/12\/2025-11-Photos-3-buches-1-300x203.jpg 300w, https:\/\/nouveau.leglacierdesaravis.com\/wp-content\/uploads\/2025\/12\/2025-11-Photos-3-buches-1-768x518.jpg 768w, https:\/\/nouveau.leglacierdesaravis.com\/wp-content\/uploads\/2025\/12\/2025-11-Photos-3-buches-1-1536x1037.jpg 1536w, https:\/\/nouveau.leglacierdesaravis.com\/wp-content\/uploads\/2025\/12\/2025-11-Photos-3-buches-1-2048x1383.jpg 2048w\" sizes=\"auto, (max-width: 1024px) 100vw, 1024px\" \/><span aria-hidden=\"true\" class=\"wp-block-cover__background has-palette-color-4-background-color has-background-dim-40 has-background-dim\"><\/span><div class=\"wp-block-cover__inner-container is-layout-constrained wp-container-core-cover-is-layout-1069de37 wp-block-cover-is-layout-constrained\">\n<h1 class=\"wp-block-heading has-text-align-center has-palette-color-3-color has-text-color has-link-color wp-elements-ac9a2fd3f43a866985fbf3ef2ced6e2a\" style=\"font-size:clamp(33.419px, 2.089rem + ((1vw - 3.2px) * 2.077), 60px);text-transform:none\">Le Glacier des Aravis<\/h1>\n\n\n\n<p class=\"has-text-align-center\">Le Ravisseur des vos Papilles<\/p>\n\n\n\n<div class=\"wp-block-buttons is-content-justification-center is-layout-flex wp-container-core-buttons-is-layout-a89b3969 wp-block-buttons-is-layout-flex\">\n<div class=\"wp-block-button is-style-fill\"><a class=\"wp-block-button__link has-small-font-size has-custom-font-size wp-element-button\" href=\"https:\/\/nouveau.leglacierdesaravis.com\/index.php\/noel\/\" style=\"box-shadow:var(--wp--preset--shadow--natural)\">B\u00fbches de no\u00ebl ! <\/a><\/div>\n<\/div>\n<\/div><\/div>\n\n\n\n<div class=\"wp-block-columns is-layout-flex wp-container-core-columns-is-layout-28f84493 wp-block-columns-is-layout-flex\">\n<div class=\"wp-block-column is-layout-flow wp-block-column-is-layout-flow\" style=\"flex-basis:66.66%\">\n<figure class=\"wp-block-image size-large is-resized is-style-rounded\"><img loading=\"lazy\" decoding=\"async\" width=\"683\" height=\"1024\" src=\"https:\/\/nouveau.leglacierdesaravis.com\/wp-content\/uploads\/2025\/10\/2025-Coupes-Glacees-683x1024.jpg\" alt=\"\" class=\"wp-image-44\" style=\"width:538px;height:auto\" srcset=\"https:\/\/nouveau.leglacierdesaravis.com\/wp-content\/uploads\/2025\/10\/2025-Coupes-Glacees-683x1024.jpg 683w, https:\/\/nouveau.leglacierdesaravis.com\/wp-content\/uploads\/2025\/10\/2025-Coupes-Glacees-200x300.jpg 200w, https:\/\/nouveau.leglacierdesaravis.com\/wp-content\/uploads\/2025\/10\/2025-Coupes-Glacees-768x1152.jpg 768w, https:\/\/nouveau.leglacierdesaravis.com\/wp-content\/uploads\/2025\/10\/2025-Coupes-Glacees-1024x1536.jpg 1024w, https:\/\/nouveau.leglacierdesaravis.com\/wp-content\/uploads\/2025\/10\/2025-Coupes-Glacees-1365x2048.jpg 1365w, https:\/\/nouveau.leglacierdesaravis.com\/wp-content\/uploads\/2025\/10\/2025-Coupes-Glacees-scaled.jpg 1707w\" sizes=\"auto, (max-width: 683px) 100vw, 683px\" \/><\/figure>\n<\/div>\n\n\n\n<div class=\"wp-block-column has-palette-color-1-background-color has-background is-layout-flow wp-container-core-column-is-layout-c84af8a4 wp-block-column-is-layout-flow\" style=\"border-style:none;border-width:0px;border-radius:36px;padding-top:140px;padding-right:20px;padding-bottom:140px;padding-left:20px;flex-basis:33.33%\">\n<h2 class=\"wp-block-heading has-text-align-center has-palette-color-2-color has-text-color has-link-color wp-elements-163aa5dcec98196b665b4a8885663e53\">Le glacier qui fait fondre les Aravis<\/h2>\n\n\n\n<p><\/p>\n\n\n\n<p class=\"has-text-align-center has-palette-color-3-color has-text-color has-link-color wp-elements-086b5371e171568fdef746c680a2c577\">Ici, tout est fait maison : des sorbets plein fruits aux glaces cr\u00e9meuses, <strong>sans ar\u00f4mes ni colorants<\/strong>, pr\u00e9par\u00e9s avec soin. Le lait provient directement des fermes que je vais chercher moi-m\u00eame, pour garantir fra\u00eecheur et qualit\u00e9. Je choisis chaque ingr\u00e9dient avec attention, pour offrir des parfums authentiques et une texture onctueuse qui fait fondre les papilles.<\/p>\n<\/div>\n<\/div>\n\n\n\n<h2 class=\"wp-block-heading has-text-align-center has-palette-color-1-color has-text-color has-link-color wp-elements-5e3706ce61ba5187f07b45ab80b15075\" style=\"font-size:clamp(28.836px, 1.802rem + ((1vw - 3.2px) * 1.653), 50px);\">Les incontournables du Glacier<\/h2>\n\n\n\n<hr class=\"wp-block-separator has-text-color has-palette-color-4-color has-alpha-channel-opacity has-palette-color-4-background-color has-background is-style-wide\"\/>\n\n\n\n<div class=\"wp-block-columns is-layout-flex wp-container-core-columns-is-layout-28f84493 wp-block-columns-is-layout-flex\">\n<div class=\"wp-block-column is-layout-flow wp-block-column-is-layout-flow\">\n<figure class=\"wp-block-image size-large\"><img loading=\"lazy\" decoding=\"async\" width=\"1024\" height=\"900\" src=\"https:\/\/nouveau.leglacierdesaravis.com\/wp-content\/uploads\/2025\/10\/Vacherin-glace-2-1024x900.jpg\" alt=\"\" class=\"wp-image-51\" srcset=\"https:\/\/nouveau.leglacierdesaravis.com\/wp-content\/uploads\/2025\/10\/Vacherin-glace-2-1024x900.jpg 1024w, https:\/\/nouveau.leglacierdesaravis.com\/wp-content\/uploads\/2025\/10\/Vacherin-glace-2-300x264.jpg 300w, https:\/\/nouveau.leglacierdesaravis.com\/wp-content\/uploads\/2025\/10\/Vacherin-glace-2-768x675.jpg 768w, https:\/\/nouveau.leglacierdesaravis.com\/wp-content\/uploads\/2025\/10\/Vacherin-glace-2.jpg 1063w\" sizes=\"auto, (max-width: 1024px) 100vw, 1024px\" \/><\/figure>\n\n\n\n<h2 class=\"wp-block-heading alignfull has-text-align-center\">Vacherin<\/h2>\n\n\n\n<p><\/p>\n<\/div>\n\n\n\n<div class=\"wp-block-column is-layout-flow wp-block-column-is-layout-flow\">\n<figure class=\"wp-block-image aligncenter size-large is-resized\"><img loading=\"lazy\" decoding=\"async\" width=\"702\" height=\"1024\" src=\"https:\/\/nouveau.leglacierdesaravis.com\/wp-content\/uploads\/2025\/10\/2025-07-Photos-Sureau-Menthe-Citron-3-1-702x1024.jpg\" alt=\"\" class=\"wp-image-53\" style=\"width:262px;height:auto\" srcset=\"https:\/\/nouveau.leglacierdesaravis.com\/wp-content\/uploads\/2025\/10\/2025-07-Photos-Sureau-Menthe-Citron-3-1-702x1024.jpg 702w, https:\/\/nouveau.leglacierdesaravis.com\/wp-content\/uploads\/2025\/10\/2025-07-Photos-Sureau-Menthe-Citron-3-1-206x300.jpg 206w, https:\/\/nouveau.leglacierdesaravis.com\/wp-content\/uploads\/2025\/10\/2025-07-Photos-Sureau-Menthe-Citron-3-1-768x1121.jpg 768w, https:\/\/nouveau.leglacierdesaravis.com\/wp-content\/uploads\/2025\/10\/2025-07-Photos-Sureau-Menthe-Citron-3-1-1053x1536.jpg 1053w, https:\/\/nouveau.leglacierdesaravis.com\/wp-content\/uploads\/2025\/10\/2025-07-Photos-Sureau-Menthe-Citron-3-1-1404x2048.jpg 1404w, https:\/\/nouveau.leglacierdesaravis.com\/wp-content\/uploads\/2025\/10\/2025-07-Photos-Sureau-Menthe-Citron-3-1-scaled.jpg 1754w\" sizes=\"auto, (max-width: 702px) 100vw, 702px\" \/><\/figure>\n\n\n\n<h2 class=\"wp-block-heading has-text-align-center\">Sorbet et cr\u00e8me glac\u00e9e<\/h2>\n\n\n\n<p><\/p>\n<\/div>\n\n\n\n<div class=\"wp-block-column is-layout-flow wp-block-column-is-layout-flow\">\n<figure class=\"wp-block-image aligncenter size-large is-resized\"><img loading=\"lazy\" decoding=\"async\" width=\"768\" height=\"1024\" src=\"https:\/\/nouveau.leglacierdesaravis.com\/wp-content\/uploads\/2025\/10\/IMG_0987-768x1024.jpg\" alt=\"\" class=\"wp-image-54\" style=\"width:287px;height:auto\" srcset=\"https:\/\/nouveau.leglacierdesaravis.com\/wp-content\/uploads\/2025\/10\/IMG_0987-768x1024.jpg 768w, https:\/\/nouveau.leglacierdesaravis.com\/wp-content\/uploads\/2025\/10\/IMG_0987-225x300.jpg 225w, https:\/\/nouveau.leglacierdesaravis.com\/wp-content\/uploads\/2025\/10\/IMG_0987-1152x1536.jpg 1152w, https:\/\/nouveau.leglacierdesaravis.com\/wp-content\/uploads\/2025\/10\/IMG_0987.jpg 1500w\" sizes=\"auto, (max-width: 768px) 100vw, 768px\" \/><\/figure>\n\n\n\n<h2 class=\"wp-block-heading has-text-align-center\">Fruits  glac\u00e9s<\/h2>\n\n\n\n<p><\/p>\n<\/div>\n<\/div>\n\n\n\n<div class=\"wp-block-buttons is-content-justification-center is-layout-flex wp-container-core-buttons-is-layout-a89b3969 wp-block-buttons-is-layout-flex\">\n<div class=\"wp-block-button\"><a class=\"wp-block-button__link wp-element-button\" href=\"https:\/\/nouveau.leglacierdesaravis.com\/index.php\/les-creations\/\">D\u00e9couvrir toutes les cr\u00e9ations \ud83c\udf66<\/a><\/div>\n<\/div>\n\n\n\n<p><\/p>\n","protected":false},"excerpt":{"rendered":"<p>Le glacier qui fait fondre les Aravis Ici, tout est fait maison : des sorbets plein fruits aux glaces cr\u00e9meuses, sans ar\u00f4mes ni colorants, pr\u00e9par\u00e9s avec soin. Le lait provient directement des fermes que je vais chercher moi-m\u00eame, pour garantir fra\u00eecheur et qualit\u00e9. Je choisis chaque ingr\u00e9dient avec attention, pour offrir des parfums authentiques et [&hellip;]<\/p>\n","protected":false},"author":1,"featured_media":0,"parent":0,"menu_order":0,"comment_status":"closed","ping_status":"closed","template":"","meta":{"footnotes":""},"class_list":["post-10","page","type-page","status-publish","hentry"],"blocksy_meta":{"page_structure_type":"default","styles_descriptor":{"styles":{"desktop":"","tablet":"","mobile":""},"google_fonts":[],"version":6},"has_hero_section":"disabled"},"_links":{"self":[{"href":"https:\/\/nouveau.leglacierdesaravis.com\/index.php\/wp-json\/wp\/v2\/pages\/10","targetHints":{"allow":["GET"]}}],"collection":[{"href":"https:\/\/nouveau.leglacierdesaravis.com\/index.php\/wp-json\/wp\/v2\/pages"}],"about":[{"href":"https:\/\/nouveau.leglacierdesaravis.com\/index.php\/wp-json\/wp\/v2\/types\/page"}],"author":[{"embeddable":true,"href":"https:\/\/nouveau.leglacierdesaravis.com\/index.php\/wp-json\/wp\/v2\/users\/1"}],"replies":[{"embeddable":true,"href":"https:\/\/nouveau.leglacierdesaravis.com\/index.php\/wp-json\/wp\/v2\/comments?post=10"}],"version-history":[{"count":12,"href":"https:\/\/nouveau.leglacierdesaravis.com\/index.php\/wp-json\/wp\/v2\/pages\/10\/revisions"}],"predecessor-version":[{"id":158,"href":"https:\/\/nouveau.leglacierdesaravis.com\/index.php\/wp-json\/wp\/v2\/pages\/10\/revisions\/158"}],"wp:attachment":[{"href":"https:\/\/nouveau.leglacierdesaravis.com\/index.php\/wp-json\/wp\/v2\/media?parent=10"}],"curies":[{"name":"wp","href":"https:\/\/api.w.org\/{rel}","templated":true}]}}